{"id":5533,"date":"2025-05-22T09:34:26","date_gmt":"2025-05-22T13:34:26","guid":{"rendered":"https:\/\/climatisationbjp.com\/?page_id=5533"},"modified":"2025-05-22T11:13:08","modified_gmt":"2025-05-22T15:13:08","slug":"reparation","status":"publish","type":"page","link":"https:\/\/climatisationbjp.com\/en\/reparation\/","title":{"rendered":"R\u00e9paration Soumission"},"content":{"rendered":"<style>.elementor-5533 .elementor-element.elementor-element-5719af1a{--display:flex;--flex-direction:row;--container-widget-width:calc( ( 1 - var( --container-widget-flex-grow ) ) * 100% );--container-widget-height:100%;--container-widget-flex-grow:1;--container-widget-align-self:stretch;--flex-wrap-mobile:wrap;--align-items:center;--overlay-opacity:1;--padding-top:202px;--padding-bottom:0px;--padding-left:0px;--padding-right:0px;}.elementor-5533 .elementor-element.elementor-element-5719af1a:not(.elementor-motion-effects-element-type-background), .elementor-5533 .elementor-element.elementor-element-5719af1a > .elementor-motion-effects-container > .elementor-motion-effects-layer{background-image:url(\"https:\/\/climatisationbjp.com\/wp-content\/uploads\/2025\/04\/testimonial-bg.webp\");background-position:center center;background-repeat:no-repeat;background-size:cover;}.elementor-5533 .elementor-element.elementor-element-5719af1a::before, .elementor-5533 .elementor-element.elementor-element-5719af1a > .elementor-background-video-container::before, .elementor-5533 .elementor-element.elementor-element-5719af1a > .e-con-inner > .elementor-background-video-container::before, .elementor-5533 .elementor-element.elementor-element-5719af1a > .elementor-background-slideshow::before, .elementor-5533 .elementor-element.elementor-element-5719af1a > .e-con-inner > .elementor-background-slideshow::before, .elementor-5533 .elementor-element.elementor-element-5719af1a > .elementor-motion-effects-container > .elementor-motion-effects-layer::before{--background-overlay:'';background-color:transparent;background-image:linear-gradient(225deg, #678FD500 0%, #234982 100%);}.elementor-5533 .elementor-element.elementor-element-4a3928b4{--display:flex;--gap:10px 0px;--row-gap:10px;--column-gap:0px;--padding-top:0px;--padding-bottom:0px;--padding-left:0px;--padding-right:0px;}.elementor-5533 .elementor-element.elementor-element-4a3928b4.e-con{--flex-grow:0;--flex-shrink:0;}.elementor-5533 .elementor-element.elementor-element-1809e85d{--display:flex;--flex-direction:row;--container-widget-width:calc( ( 1 - var( --container-widget-flex-grow ) ) * 100% );--container-widget-height:100%;--container-widget-flex-grow:1;--container-widget-align-self:stretch;--flex-wrap-mobile:wrap;--align-items:center;}.elementor-5533 .elementor-element.elementor-element-75d1ddc4{--display:flex;--gap:10px 0px;--row-gap:10px;--column-gap:0px;--padding-top:0px;--padding-bottom:0px;--padding-left:0px;--padding-right:0px;}.elementor-5533 .elementor-element.elementor-element-555e0686 .page-title{color:#FFFFFF;margin:0px 0px 0px 0px;}.elementor-5533 .elementor-element.elementor-element-2e97297e{--display:flex;--padding-top:0px;--padding-bottom:0px;--padding-left:0px;--padding-right:0px;}.elementor-5533 .elementor-element.elementor-element-434b17f8{text-align:end;}.elementor-5533 .elementor-element.elementor-element-434b17f8 .elementor-heading-title{color:#F5F5F7;}.elementor-5533 .elementor-element.elementor-element-1abd49d{--display:flex;--flex-direction:column;--container-widget-width:100%;--container-widget-height:initial;--container-widget-flex-grow:0;--container-widget-align-self:initial;--flex-wrap-mobile:wrap;}.elementor-5533 .elementor-element.elementor-element-909980a{--display:flex;--flex-direction:column;--container-widget-width:100%;--container-widget-height:initial;--container-widget-flex-grow:0;--container-widget-align-self:initial;--flex-wrap-mobile:wrap;}@media(max-width:1024px){.elementor-5533 .elementor-element.elementor-element-434b17f8 .elementor-heading-title{font-size:20px;}}@media(min-width:768px){.elementor-5533 .elementor-element.elementor-element-4a3928b4{--width:58.432%;}}@media(max-width:1024px) and (min-width:768px){.elementor-5533 .elementor-element.elementor-element-75d1ddc4{--width:30%;}.elementor-5533 .elementor-element.elementor-element-2e97297e{--width:70%;}}@media(min-width:1025px){.elementor-5533 .elementor-element.elementor-element-5719af1a:not(.elementor-motion-effects-element-type-background), .elementor-5533 .elementor-element.elementor-element-5719af1a > .elementor-motion-effects-container > .elementor-motion-effects-layer{background-attachment:fixed;}}@media(max-width:767px){.elementor-5533 .elementor-element.elementor-element-434b17f8{text-align:start;}.elementor-5533 .elementor-element.elementor-element-434b17f8 .elementor-heading-title{font-size:16px;}}<\/style>\t\t<div data-elementor-type=\"wp-page\" data-elementor-id=\"5533\" class=\"elementor elementor-5533\" data-elementor-post-type=\"page\">\n\t\t\t\t<div class=\"elementor-element elementor-element-5719af1a e-flex e-con-boxed rt-default-class e-con e-parent\" data-id=\"5719af1a\" data-element_type=\"container\" data-e-type=\"container\" data-settings=\"{&quot;background_background&quot;:&quot;classic&quot;}\">\n\t\t\t\t\t<div class=\"e-con-inner\">\n\t\t<div class=\"elementor-element elementor-element-4a3928b4 e-con-full e-flex rt-default-class e-con e-child\" data-id=\"4a3928b4\" data-element_type=\"container\" data-e-type=\"container\">\n\t\t<div class=\"elementor-element elementor-element-1809e85d e-flex e-con-boxed rt-default-class e-con e-child\" data-id=\"1809e85d\" data-element_type=\"container\" data-e-type=\"container\">\n\t\t\t\t\t<div class=\"e-con-inner\">\n\t\t<div class=\"elementor-element elementor-element-75d1ddc4 e-con-full e-flex rt-default-class e-con e-child\" data-id=\"75d1ddc4\" data-element_type=\"container\" data-e-type=\"container\">\n\t\t\t\t<div class=\"elementor-element elementor-element-555e0686 rt-default-class elementor-widget elementor-widget-react-page-title\" data-id=\"555e0686\" data-element_type=\"widget\" data-e-type=\"widget\" data-widget_type=\"react-page-title.default\">\n\t\t\t\t<div class=\"elementor-widget-container\">\n\t\t\t\t\t        \n        <h1 class=\"page-title\">\n\t\tR\u00e9paration Soumission        <\/h1>\n        \t\t\t\t<\/div>\n\t\t\t\t<\/div>\n\t\t\t\t<\/div>\n\t\t<div class=\"elementor-element elementor-element-2e97297e e-con-full e-flex rt-default-class e-con e-child\" data-id=\"2e97297e\" data-element_type=\"container\" data-e-type=\"container\">\n\t\t\t\t<div class=\"elementor-element elementor-element-434b17f8 rt-default-class elementor-widget elementor-widget-heading\" data-id=\"434b17f8\" data-element_type=\"widget\" data-e-type=\"widget\" data-widget_type=\"heading.default\">\n\t\t\t\t<div class=\"elementor-widget-container\">\n\t\t\t\t\t<h4 class=\"elementor-heading-title elementor-size-default\">Obtenez une soumission rapide et personnalis\u00e9e<\/h4>\t\t\t\t<\/div>\n\t\t\t\t<\/div>\n\t\t\t\t<\/div>\n\t\t\t\t\t<\/div>\n\t\t\t\t<\/div>\n\t\t\t\t<\/div>\n\t\t\t\t\t<\/div>\n\t\t\t\t<\/div>\n\t\t<div class=\"elementor-element elementor-element-1abd49d e-flex e-con-boxed rt-default-class e-con e-parent\" data-id=\"1abd49d\" data-element_type=\"container\" data-e-type=\"container\">\n\t\t\t\t\t<div class=\"e-con-inner\">\n\t\t\t\t<div class=\"elementor-element elementor-element-4221817 rt-default-class elementor-widget elementor-widget-text-editor\" data-id=\"4221817\" data-element_type=\"widget\" data-e-type=\"widget\" data-widget_type=\"text-editor.default\">\n\t\t\t\t<div class=\"elementor-widget-container\">\n\t\t\t\t\t\t\t\t\t<p><strong data-start=\"141\" data-end=\"191\">Obtenez une soumission rapide et personnalis\u00e9e<\/strong><br data-start=\"191\" data-end=\"194\" \/>Vous souhaitez faire installer, remplacer ou entretenir un syst\u00e8me de climatisation ou une thermopompe? Remplissez ce formulaire en moins de 2 minutes et notre \u00e9quipe vous contactera rapidement avec une estimation claire, adapt\u00e9e \u00e0 vos besoins.<br data-start=\"438\" data-end=\"441\" \/>Nous desservons les r\u00e9gions de Montr\u00e9al, Laval, Rive-Nord et environs.<\/p>\t\t\t\t\t\t\t\t<\/div>\n\t\t\t\t<\/div>\n\t\t\t\t\t<\/div>\n\t\t\t\t<\/div>\n\t\t<div class=\"elementor-element elementor-element-909980a e-flex e-con-boxed rt-default-class e-con e-parent\" data-id=\"909980a\" data-element_type=\"container\" data-e-type=\"container\">\n\t\t\t\t\t<div class=\"e-con-inner\">\n\t\t\t\t<div class=\"elementor-element elementor-element-e24a723 rt-default-class elementor-widget elementor-widget-wpforms\" data-id=\"e24a723\" data-element_type=\"widget\" data-e-type=\"widget\" data-widget_type=\"wpforms.default\">\n\t\t\t\t<div class=\"elementor-widget-container\">\n\t\t\t\t\t<style id=\"wpforms-css-vars-elementor-widget-e24a723\">\n\t\t\t\t.elementor-widget-wpforms.elementor-element-e24a723 {\n\t\t\t\t--wpforms-field-border-radius: 7px;\n--wpforms-field-background-color: #F5F5F5;\n--wpforms-field-border-color: #1A1A1A;\n--wpforms-field-border-color-spare: #1A1A1A;\n--wpforms-field-text-color: #1A1A1A;\n--wpforms-button-background-color: #FF2B2B;\n\t\t\t}\n\t\t\t<\/style><div class=\"wpforms-container wpforms-container-full wpforms-render-modern\" id=\"wpforms-5469\"><form id=\"wpforms-form-5469\" class=\"wpforms-validate wpforms-form wpforms-ajax-form\" data-formid=\"5469\" method=\"post\" enctype=\"multipart\/form-data\" action=\"\/en\/wp-json\/wp\/v2\/pages\/5533\" data-token=\"566ccfbfbd425cb8fb508838effd2231\" data-token-time=\"1775733674\"><noscript class=\"wpforms-error-noscript\">Please enable JavaScript in your browser to complete this form.<\/noscript><div id=\"wpforms-error-noscript\" style=\"display: none;\">Please enable JavaScript in your browser to complete this form.<\/div><div class=\"wpforms-field-container\"><div id=\"wpforms-5469-field_1-container\" class=\"wpforms-field wpforms-field-name\" data-field-id=\"1\"><fieldset><legend class=\"wpforms-field-label\">Pr\u00e9nom et Nom <span class=\"wpforms-required-label\" aria-hidden=\"true\">*<\/span><\/legend><div class=\"wpforms-field-row wpforms-field-medium\"><div class=\"wpforms-field-row-block wpforms-first wpforms-one-half\"><input type=\"text\" id=\"wpforms-5469-field_1\" class=\"wpforms-field-name-first wpforms-field-required\" name=\"wpforms[fields][1][first]\" aria-errormessage=\"wpforms-5469-field_1-error\" required><label for=\"wpforms-5469-field_1\" class=\"wpforms-field-sublabel after\">First<\/label><\/div><div class=\"wpforms-field-row-block wpforms-one-half\"><input type=\"text\" id=\"wpforms-5469-field_1-last\" class=\"wpforms-field-name-last wpforms-field-required\" name=\"wpforms[fields][1][last]\" aria-errormessage=\"wpforms-5469-field_1-last-error\" required><label for=\"wpforms-5469-field_1-last\" class=\"wpforms-field-sublabel after\">Last<\/label><\/div><\/div><\/fieldset><\/div><div id=\"wpforms-5469-field_4-container\" class=\"wpforms-field wpforms-field-email\" data-field-id=\"4\"><label class=\"wpforms-field-label\" for=\"wpforms-5469-field_4\">Courriel <span class=\"wpforms-required-label\" aria-hidden=\"true\">*<\/span><\/label><input type=\"email\" id=\"wpforms-5469-field_4\" class=\"wpforms-field-medium wpforms-field-required\" name=\"wpforms[fields][4]\" spellcheck=\"false\" aria-errormessage=\"wpforms-5469-field_4-error\" required><\/div><div id=\"wpforms-5469-field_14-container\" class=\"wpforms-field wpforms-field-text\" data-field-id=\"14\"><label class=\"wpforms-field-label\" for=\"wpforms-5469-field_14\">Tel :<\/label><input type=\"text\" id=\"wpforms-5469-field_14\" class=\"wpforms-field-medium\" name=\"wpforms[fields][14]\" aria-errormessage=\"wpforms-5469-field_14-error\" ><\/div>\t\t<div id=\"wpforms-5469-field_2-container\"\n\t\t\tclass=\"wpforms-field wpforms-field-text\"\n\t\t\tdata-field-type=\"text\"\n\t\t\tdata-field-id=\"2\"\n\t\t\t>\n\t\t\t<label class=\"wpforms-field-label\" for=\"wpforms-5469-field_2\" >suppl\u00e9mentaires plage visite<\/label>\n\t\t\t<input type=\"text\" id=\"wpforms-5469-field_2\" class=\"wpforms-field-medium\" name=\"wpforms[fields][2]\" >\n\t\t<\/div>\n\t\t<div id=\"wpforms-5469-field_16-container\" class=\"wpforms-field wpforms-field-text\" data-field-id=\"16\"><label class=\"wpforms-field-label\" for=\"wpforms-5469-field_16\">Adresse<\/label><input type=\"text\" id=\"wpforms-5469-field_16\" class=\"wpforms-field-medium\" name=\"wpforms[fields][16]\" aria-errormessage=\"wpforms-5469-field_16-error\" ><\/div><div id=\"wpforms-5469-field_5-container\" class=\"wpforms-field wpforms-field-select wpforms-field-select-style-classic\" data-field-id=\"5\"><label class=\"wpforms-field-label\" for=\"wpforms-5469-field_5\">Type d&#039;\u00e9quipement <span class=\"wpforms-required-label\" aria-hidden=\"true\">*<\/span><\/label><select id=\"wpforms-5469-field_5\" class=\"wpforms-field-medium wpforms-field-required\" name=\"wpforms[fields][5]\" required=\"required\"><option value=\"Thermopompe murale centrale\"  class=\"choice-1 depth-1\"  >Thermopompe murale centrale<\/option><option value=\"Multi-zone\"  class=\"choice-2 depth-1\"  >Multi-zone<\/option><option value=\"Climatiseur\"  class=\"choice-3 depth-1\"  >Climatiseur<\/option><option value=\"Autre\"  class=\"choice-4 depth-1\"  >Autre<\/option><\/select><\/div><div id=\"wpforms-5469-field_6-container\" class=\"wpforms-field wpforms-field-text\" data-field-id=\"6\"><label class=\"wpforms-field-label\" for=\"wpforms-5469-field_6\">Marque et mod\u00e8le (si connu)<\/label><input type=\"text\" id=\"wpforms-5469-field_6\" class=\"wpforms-field-medium\" name=\"wpforms[fields][6]\" aria-errormessage=\"wpforms-5469-field_6-error\" ><\/div><div id=\"wpforms-5469-field_7-container\" class=\"wpforms-field wpforms-field-textarea\" data-field-id=\"7\"><label class=\"wpforms-field-label\" for=\"wpforms-5469-field_7\">Nature du probl\u00e8me (ex. ne chauffe plus, fuite, bruit anormal, t\u00e9l\u00e9commande d\u00e9fectueuse)<\/label><textarea id=\"wpforms-5469-field_7\" class=\"wpforms-field-medium\" name=\"wpforms[fields][7]\" aria-errormessage=\"wpforms-5469-field_7-error\" ><\/textarea><\/div><div id=\"wpforms-5469-field_8-container\" class=\"wpforms-field wpforms-field-text\" data-field-id=\"8\"><label class=\"wpforms-field-label\" for=\"wpforms-5469-field_8\">Depuis quand le probl\u00e8me est pr\u00e9sent<\/label><input type=\"text\" id=\"wpforms-5469-field_8\" class=\"wpforms-field-medium\" name=\"wpforms[fields][8]\" aria-errormessage=\"wpforms-5469-field_8-error\" ><\/div><div id=\"wpforms-5469-field_9-container\" class=\"wpforms-field wpforms-field-select wpforms-field-select-style-classic\" data-field-id=\"9\"><label class=\"wpforms-field-label\" for=\"wpforms-5469-field_9\">Niveau d&#039;urgence <span class=\"wpforms-required-label\" aria-hidden=\"true\">*<\/span><\/label><select id=\"wpforms-5469-field_9\" class=\"wpforms-field-medium wpforms-field-required\" name=\"wpforms[fields][9]\" required=\"required\"><option value=\"Tr\u00e8s urgent\"  class=\"choice-1 depth-1\"  >Tr\u00e8s urgent<\/option><option value=\"Dans la semaine\"  class=\"choice-2 depth-1\"  >Dans la semaine<\/option><option value=\"Flexible\"  class=\"choice-3 depth-1\"  >Flexible<\/option><\/select><\/div><div id=\"wpforms-5469-field_10-container\" class=\"wpforms-field wpforms-field-textarea\" data-field-id=\"10\"><label class=\"wpforms-field-label\" for=\"wpforms-5469-field_10\">Disponibilit\u00e9s pour la visite<\/label><textarea id=\"wpforms-5469-field_10\" class=\"wpforms-field-medium\" name=\"wpforms[fields][10]\" aria-errormessage=\"wpforms-5469-field_10-error\" ><\/textarea><\/div><div id=\"wpforms-5469-field_11-container\" class=\"wpforms-field wpforms-field-textarea\" data-field-id=\"11\"><label class=\"wpforms-field-label\" for=\"wpforms-5469-field_11\">D\u00e9tails suppl\u00e9mentaires<\/label><textarea id=\"wpforms-5469-field_11\" class=\"wpforms-field-medium\" name=\"wpforms[fields][11]\" aria-errormessage=\"wpforms-5469-field_11-error\" ><\/textarea><\/div><div id=\"wpforms-5469-field_12-container\" class=\"wpforms-field wpforms-field-checkbox\" data-field-id=\"12\"><fieldset><legend class=\"wpforms-field-label\">Autoriser un technicien \u00e0 passer sans appel pr\u00e9alable si plage horaire convenue<\/legend><ul id=\"wpforms-5469-field_12\"><li class=\"choice-1 depth-1\"><input type=\"checkbox\" id=\"wpforms-5469-field_12_1\" name=\"wpforms[fields][12][]\" value=\"Oui\" aria-errormessage=\"wpforms-5469-field_12_1-error\"  ><label class=\"wpforms-field-label-inline\" for=\"wpforms-5469-field_12_1\">Oui<\/label><\/li><\/ul><\/fieldset><\/div><script>\n\t\t\t\t( function() {\n\t\t\t\t\tconst style = document.createElement( 'style' );\n\t\t\t\t\tstyle.appendChild( document.createTextNode( '#wpforms-5469-field_2-container { position: absolute !important; overflow: hidden !important; display: inline !important; height: 1px !important; width: 1px !important; z-index: -1000 !important; padding: 0 !important; } #wpforms-5469-field_2-container input { visibility: hidden; } #wpforms-conversational-form-page #wpforms-5469-field_2-container label { counter-increment: none; }' ) );\n\t\t\t\t\tdocument.head.appendChild( style );\n\t\t\t\t\tdocument.currentScript?.remove();\n\t\t\t\t} )();\n\t\t\t<\/script><\/div><!-- .wpforms-field-container --><div class=\"wpforms-submit-container\" ><input type=\"hidden\" name=\"wpforms[id]\" value=\"5469\"><input type=\"hidden\" name=\"page_title\" value=\"\"><input type=\"hidden\" name=\"page_url\" value=\"https:\/\/climatisationbjp.com\/en\/wp-json\/wp\/v2\/pages\/5533\"><input type=\"hidden\" name=\"url_referer\" value=\"\"><button type=\"submit\" name=\"wpforms[submit]\" id=\"wpforms-submit-5469\" class=\"wpforms-submit\" data-alt-text=\"Envoi...\" data-submit-text=\"Demander une r\u00e9paration\" aria-live=\"assertive\" value=\"wpforms-submit\">Demander une r\u00e9paration<\/button><img loading=\"lazy\" decoding=\"async\" src=\"https:\/\/climatisationbjp.com\/wp-content\/plugins\/wpforms-lite\/assets\/images\/submit-spin.svg\" class=\"wpforms-submit-spinner\" style=\"display: none;\" width=\"26\" height=\"26\" alt=\"Loading\"><\/div><\/form><\/div>  <!-- .wpforms-container -->\t\t\t\t<\/div>\n\t\t\t\t<\/div>\n\t\t\t\t\t<\/div>\n\t\t\t\t<\/div>\n\t\t\t\t<\/div>\n\t\t\n    <div class=\"xs_social_share_widget xs_share_url after_content \t\tmain_content  wslu-style-1 wslu-share-box-shaped wslu-fill-colored wslu-none wslu-share-horizontal wslu-theme-font-no wslu-main_content\">\n\n\t\t\n        <ul>\n\t\t\t        <\/ul>\n    <\/div> \n","protected":false},"excerpt":{"rendered":"<p>R\u00e9paration Obtenez une soumission rapide et personnalis\u00e9e Obtenez une soumission rapide et personnalis\u00e9eVous souhaitez faire installer, remplacer ou entretenir un syst\u00e8me de climatisation ou une thermopompe? Remplissez ce formulaire en moins de 2 minutes et notre \u00e9quipe vous contactera rapidement avec une estimation claire, adapt\u00e9e \u00e0 vos besoins.Nous desservons les r\u00e9gions de Montr\u00e9al, Laval, Rive-Nord&#8230;<\/p>","protected":false},"author":1,"featured_media":0,"parent":0,"menu_order":0,"comment_status":"closed","ping_status":"closed","template":"elementor_header_footer","meta":{"postBodyCss":"","postBodyMargin":[],"postBodyPadding":[],"postBodyBackground":{"backgroundType":"classic","gradient":""},"footnotes":""},"class_list":["post-5533","page","type-page","status-publish","hentry"],"_links":{"self":[{"href":"https:\/\/climatisationbjp.com\/en\/wp-json\/wp\/v2\/pages\/5533","targetHints":{"allow":["GET"]}}],"collection":[{"href":"https:\/\/climatisationbjp.com\/en\/wp-json\/wp\/v2\/pages"}],"about":[{"href":"https:\/\/climatisationbjp.com\/en\/wp-json\/wp\/v2\/types\/page"}],"author":[{"embeddable":true,"href":"https:\/\/climatisationbjp.com\/en\/wp-json\/wp\/v2\/users\/1"}],"replies":[{"embeddable":true,"href":"https:\/\/climatisationbjp.com\/en\/wp-json\/wp\/v2\/comments?post=5533"}],"version-history":[{"count":8,"href":"https:\/\/climatisationbjp.com\/en\/wp-json\/wp\/v2\/pages\/5533\/revisions"}],"predecessor-version":[{"id":5559,"href":"https:\/\/climatisationbjp.com\/en\/wp-json\/wp\/v2\/pages\/5533\/revisions\/5559"}],"wp:attachment":[{"href":"https:\/\/climatisationbjp.com\/en\/wp-json\/wp\/v2\/media?parent=5533"}],"curies":[{"name":"wp","href":"https:\/\/api.w.org\/{rel}","templated":true}]}}