{"id":5437,"date":"2025-05-21T20:20:45","date_gmt":"2025-05-22T00:20:45","guid":{"rendered":"https:\/\/climatisationbjp.com\/?page_id=5437"},"modified":"2025-05-22T11:13:19","modified_gmt":"2025-05-22T15:13:19","slug":"nettoyage","status":"publish","type":"page","link":"https:\/\/climatisationbjp.com\/en\/nettoyage\/","title":{"rendered":"Nettoyage Soumission"},"content":{"rendered":"<style>.elementor-5437 .elementor-element.elementor-element-5719af1a{--display:flex;--flex-direction:row;--container-widget-width:calc( ( 1 - var( --container-widget-flex-grow ) ) * 100% );--container-widget-height:100%;--container-widget-flex-grow:1;--container-widget-align-self:stretch;--flex-wrap-mobile:wrap;--align-items:center;--overlay-opacity:1;--padding-top:202px;--padding-bottom:0px;--padding-left:0px;--padding-right:0px;}.elementor-5437 .elementor-element.elementor-element-5719af1a:not(.elementor-motion-effects-element-type-background), .elementor-5437 .elementor-element.elementor-element-5719af1a > .elementor-motion-effects-container > .elementor-motion-effects-layer{background-image:url(\"https:\/\/climatisationbjp.com\/wp-content\/uploads\/2025\/04\/testimonial-bg.webp\");background-position:center center;background-repeat:no-repeat;background-size:cover;}.elementor-5437 .elementor-element.elementor-element-5719af1a::before, .elementor-5437 .elementor-element.elementor-element-5719af1a > .elementor-background-video-container::before, .elementor-5437 .elementor-element.elementor-element-5719af1a > .e-con-inner > .elementor-background-video-container::before, .elementor-5437 .elementor-element.elementor-element-5719af1a > .elementor-background-slideshow::before, .elementor-5437 .elementor-element.elementor-element-5719af1a > .e-con-inner > .elementor-background-slideshow::before, .elementor-5437 .elementor-element.elementor-element-5719af1a > .elementor-motion-effects-container > .elementor-motion-effects-layer::before{--background-overlay:'';background-color:transparent;background-image:linear-gradient(225deg, #678FD500 0%, #234982 100%);}.elementor-5437 .elementor-element.elementor-element-4a3928b4{--display:flex;--gap:10px 0px;--row-gap:10px;--column-gap:0px;--padding-top:0px;--padding-bottom:0px;--padding-left:0px;--padding-right:0px;}.elementor-5437 .elementor-element.elementor-element-4a3928b4.e-con{--flex-grow:0;--flex-shrink:0;}.elementor-5437 .elementor-element.elementor-element-1809e85d{--display:flex;--flex-direction:row;--container-widget-width:calc( ( 1 - var( --container-widget-flex-grow ) ) * 100% );--container-widget-height:100%;--container-widget-flex-grow:1;--container-widget-align-self:stretch;--flex-wrap-mobile:wrap;--align-items:center;}.elementor-5437 .elementor-element.elementor-element-75d1ddc4{--display:flex;--gap:10px 0px;--row-gap:10px;--column-gap:0px;--padding-top:0px;--padding-bottom:0px;--padding-left:0px;--padding-right:0px;}.elementor-5437 .elementor-element.elementor-element-555e0686 .page-title{color:#FFFFFF;margin:0px 0px 0px 0px;}.elementor-5437 .elementor-element.elementor-element-2e97297e{--display:flex;--padding-top:0px;--padding-bottom:0px;--padding-left:0px;--padding-right:0px;}.elementor-5437 .elementor-element.elementor-element-434b17f8{text-align:end;}.elementor-5437 .elementor-element.elementor-element-434b17f8 .elementor-heading-title{color:#F5F5F7;}.elementor-5437 .elementor-element.elementor-element-1abd49d{--display:flex;--flex-direction:column;--container-widget-width:100%;--container-widget-height:initial;--container-widget-flex-grow:0;--container-widget-align-self:initial;--flex-wrap-mobile:wrap;}.elementor-5437 .elementor-element.elementor-element-909980a{--display:flex;--flex-direction:column;--container-widget-width:100%;--container-widget-height:initial;--container-widget-flex-grow:0;--container-widget-align-self:initial;--flex-wrap-mobile:wrap;}@media(max-width:1024px){.elementor-5437 .elementor-element.elementor-element-434b17f8 .elementor-heading-title{font-size:20px;}}@media(min-width:768px){.elementor-5437 .elementor-element.elementor-element-4a3928b4{--width:58.432%;}}@media(max-width:1024px) and (min-width:768px){.elementor-5437 .elementor-element.elementor-element-75d1ddc4{--width:30%;}.elementor-5437 .elementor-element.elementor-element-2e97297e{--width:70%;}}@media(min-width:1025px){.elementor-5437 .elementor-element.elementor-element-5719af1a:not(.elementor-motion-effects-element-type-background), .elementor-5437 .elementor-element.elementor-element-5719af1a > .elementor-motion-effects-container > .elementor-motion-effects-layer{background-attachment:fixed;}}@media(max-width:767px){.elementor-5437 .elementor-element.elementor-element-434b17f8{text-align:start;}.elementor-5437 .elementor-element.elementor-element-434b17f8 .elementor-heading-title{font-size:16px;}}<\/style>\t\t<div data-elementor-type=\"wp-page\" data-elementor-id=\"5437\" class=\"elementor elementor-5437\" data-elementor-post-type=\"page\">\n\t\t\t\t<div class=\"elementor-element elementor-element-5719af1a e-flex e-con-boxed rt-default-class e-con e-parent\" data-id=\"5719af1a\" data-element_type=\"container\" data-e-type=\"container\" data-settings=\"{&quot;background_background&quot;:&quot;classic&quot;}\">\n\t\t\t\t\t<div class=\"e-con-inner\">\n\t\t<div class=\"elementor-element elementor-element-4a3928b4 e-con-full e-flex rt-default-class e-con e-child\" data-id=\"4a3928b4\" data-element_type=\"container\" data-e-type=\"container\">\n\t\t<div class=\"elementor-element elementor-element-1809e85d e-flex e-con-boxed rt-default-class e-con e-child\" data-id=\"1809e85d\" data-element_type=\"container\" data-e-type=\"container\">\n\t\t\t\t\t<div class=\"e-con-inner\">\n\t\t<div class=\"elementor-element elementor-element-75d1ddc4 e-con-full e-flex rt-default-class e-con e-child\" data-id=\"75d1ddc4\" data-element_type=\"container\" data-e-type=\"container\">\n\t\t\t\t<div class=\"elementor-element elementor-element-555e0686 rt-default-class elementor-widget elementor-widget-react-page-title\" data-id=\"555e0686\" data-element_type=\"widget\" data-e-type=\"widget\" data-widget_type=\"react-page-title.default\">\n\t\t\t\t<div class=\"elementor-widget-container\">\n\t\t\t\t\t        \n        <h1 class=\"page-title\">\n\t\tNettoyage Soumission        <\/h1>\n        \t\t\t\t<\/div>\n\t\t\t\t<\/div>\n\t\t\t\t<\/div>\n\t\t<div class=\"elementor-element elementor-element-2e97297e e-con-full e-flex rt-default-class e-con e-child\" data-id=\"2e97297e\" data-element_type=\"container\" data-e-type=\"container\">\n\t\t\t\t<div class=\"elementor-element elementor-element-434b17f8 rt-default-class elementor-widget elementor-widget-heading\" data-id=\"434b17f8\" data-element_type=\"widget\" data-e-type=\"widget\" data-widget_type=\"heading.default\">\n\t\t\t\t<div class=\"elementor-widget-container\">\n\t\t\t\t\t<h4 class=\"elementor-heading-title elementor-size-default\">Obtenez une soumission rapide et personnalis\u00e9e<\/h4>\t\t\t\t<\/div>\n\t\t\t\t<\/div>\n\t\t\t\t<\/div>\n\t\t\t\t\t<\/div>\n\t\t\t\t<\/div>\n\t\t\t\t<\/div>\n\t\t\t\t\t<\/div>\n\t\t\t\t<\/div>\n\t\t<div class=\"elementor-element elementor-element-1abd49d e-flex e-con-boxed rt-default-class e-con e-parent\" data-id=\"1abd49d\" data-element_type=\"container\" data-e-type=\"container\">\n\t\t\t\t\t<div class=\"e-con-inner\">\n\t\t\t\t<div class=\"elementor-element elementor-element-4221817 rt-default-class elementor-widget elementor-widget-text-editor\" data-id=\"4221817\" data-element_type=\"widget\" data-e-type=\"widget\" data-widget_type=\"text-editor.default\">\n\t\t\t\t<div class=\"elementor-widget-container\">\n\t\t\t\t\t\t\t\t\t<p><strong data-start=\"141\" data-end=\"191\">Obtenez une soumission rapide et personnalis\u00e9e<\/strong><br data-start=\"191\" data-end=\"194\" \/>Vous souhaitez faire installer, remplacer ou entretenir un syst\u00e8me de climatisation ou une thermopompe? Remplissez ce formulaire en moins de 2 minutes et notre \u00e9quipe vous contactera rapidement avec une estimation claire, adapt\u00e9e \u00e0 vos besoins.<br data-start=\"438\" data-end=\"441\" \/>Nous desservons les r\u00e9gions de Montr\u00e9al, Laval, Rive-Nord et environs.<\/p>\t\t\t\t\t\t\t\t<\/div>\n\t\t\t\t<\/div>\n\t\t\t\t\t<\/div>\n\t\t\t\t<\/div>\n\t\t<div class=\"elementor-element elementor-element-909980a e-flex e-con-boxed rt-default-class e-con e-parent\" data-id=\"909980a\" data-element_type=\"container\" data-e-type=\"container\">\n\t\t\t\t\t<div class=\"e-con-inner\">\n\t\t\t\t<div class=\"elementor-element elementor-element-e24a723 rt-default-class elementor-widget elementor-widget-wpforms\" data-id=\"e24a723\" data-element_type=\"widget\" data-e-type=\"widget\" data-widget_type=\"wpforms.default\">\n\t\t\t\t<div class=\"elementor-widget-container\">\n\t\t\t\t\t<style id=\"wpforms-css-vars-elementor-widget-e24a723\">\n\t\t\t\t.elementor-widget-wpforms.elementor-element-e24a723 {\n\t\t\t\t--wpforms-field-border-radius: 7px;\n--wpforms-field-background-color: #F5F5F5;\n--wpforms-field-border-color: #1A1A1A;\n--wpforms-field-border-color-spare: #1A1A1A;\n--wpforms-field-text-color: #1A1A1A;\n--wpforms-button-background-color: #FF2B2B;\n\t\t\t}\n\t\t\t<\/style><div class=\"wpforms-container wpforms-container-full wpforms-render-modern\" id=\"wpforms-5472\"><form id=\"wpforms-form-5472\" class=\"wpforms-validate wpforms-form wpforms-ajax-form\" data-formid=\"5472\" method=\"post\" enctype=\"multipart\/form-data\" action=\"\/en\/wp-json\/wp\/v2\/pages\/5437\" data-token=\"c5af8faa642adf90b73799357dbdf109\" data-token-time=\"1775557459\"><noscript class=\"wpforms-error-noscript\">Please enable JavaScript in your browser to complete this form.<\/noscript><div id=\"wpforms-error-noscript\" style=\"display: none;\">Please enable JavaScript in your browser to complete this form.<\/div><div class=\"wpforms-field-container\"><div id=\"wpforms-5472-field_1-container\" class=\"wpforms-field wpforms-field-name\" data-field-id=\"1\"><fieldset><legend class=\"wpforms-field-label\">Pr\u00e9nom et nom <span class=\"wpforms-required-label\" aria-hidden=\"true\">*<\/span><\/legend><div class=\"wpforms-field-row wpforms-field-medium\"><div class=\"wpforms-field-row-block wpforms-first wpforms-one-half\"><input type=\"text\" id=\"wpforms-5472-field_1\" class=\"wpforms-field-name-first wpforms-field-required\" name=\"wpforms[fields][1][first]\" aria-errormessage=\"wpforms-5472-field_1-error\" required><label for=\"wpforms-5472-field_1\" class=\"wpforms-field-sublabel after\">First<\/label><\/div><div class=\"wpforms-field-row-block wpforms-one-half\"><input type=\"text\" id=\"wpforms-5472-field_1-last\" class=\"wpforms-field-name-last wpforms-field-required\" name=\"wpforms[fields][1][last]\" aria-errormessage=\"wpforms-5472-field_1-last-error\" required><label for=\"wpforms-5472-field_1-last\" class=\"wpforms-field-sublabel after\">Last<\/label><\/div><\/div><\/fieldset><\/div><div id=\"wpforms-5472-field_4-container\" class=\"wpforms-field wpforms-field-email\" data-field-id=\"4\"><label class=\"wpforms-field-label\" for=\"wpforms-5472-field_4\">Adresse courriel <span class=\"wpforms-required-label\" aria-hidden=\"true\">*<\/span><\/label><input type=\"email\" id=\"wpforms-5472-field_4\" class=\"wpforms-field-medium wpforms-field-required\" name=\"wpforms[fields][4]\" spellcheck=\"false\" aria-errormessage=\"wpforms-5472-field_4-error\" required><\/div><div id=\"wpforms-5472-field_13-container\" class=\"wpforms-field wpforms-field-text\" data-field-id=\"13\"><label class=\"wpforms-field-label\" for=\"wpforms-5472-field_13\">Adresse <span class=\"wpforms-required-label\" aria-hidden=\"true\">*<\/span><\/label><input type=\"text\" id=\"wpforms-5472-field_13\" class=\"wpforms-field-medium wpforms-field-required\" name=\"wpforms[fields][13]\" aria-errormessage=\"wpforms-5472-field_13-error\" required><\/div><div id=\"wpforms-5472-field_14-container\" class=\"wpforms-field wpforms-field-text\" data-field-id=\"14\"><label class=\"wpforms-field-label\" for=\"wpforms-5472-field_14\">Tel <span class=\"wpforms-required-label\" aria-hidden=\"true\">*<\/span><\/label><input type=\"text\" id=\"wpforms-5472-field_14\" class=\"wpforms-field-medium wpforms-field-required\" name=\"wpforms[fields][14]\" aria-errormessage=\"wpforms-5472-field_14-error\" required><\/div><div id=\"wpforms-5472-field_5-container\" class=\"wpforms-field wpforms-field-radio\" data-field-id=\"5\"><fieldset><legend class=\"wpforms-field-label\">Type de syst\u00e8me \u00e0 entretenir <span class=\"wpforms-required-label\" aria-hidden=\"true\">*<\/span><\/legend><ul id=\"wpforms-5472-field_5\" class=\"wpforms-field-required\"><li class=\"choice-1 depth-1\"><input type=\"radio\" id=\"wpforms-5472-field_5_1\" name=\"wpforms[fields][5]\" value=\"Thermopompe murale\" aria-errormessage=\"wpforms-5472-field_5_1-error\" required ><label class=\"wpforms-field-label-inline\" for=\"wpforms-5472-field_5_1\">Thermopompe murale<\/label><\/li><li class=\"choice-2 depth-1\"><input type=\"radio\" id=\"wpforms-5472-field_5_2\" name=\"wpforms[fields][5]\" value=\"Thermopompe centrale\" aria-errormessage=\"wpforms-5472-field_5_2-error\" required ><label class=\"wpforms-field-label-inline\" for=\"wpforms-5472-field_5_2\">Thermopompe centrale<\/label><\/li><li class=\"choice-3 depth-1\"><input type=\"radio\" id=\"wpforms-5472-field_5_3\" name=\"wpforms[fields][5]\" value=\"Multi-zone\" aria-errormessage=\"wpforms-5472-field_5_3-error\" required ><label class=\"wpforms-field-label-inline\" for=\"wpforms-5472-field_5_3\">Multi-zone<\/label><\/li><li class=\"choice-4 depth-1\"><input type=\"radio\" id=\"wpforms-5472-field_5_4\" name=\"wpforms[fields][5]\" value=\"Climatiseur mural\" aria-errormessage=\"wpforms-5472-field_5_4-error\" required ><label class=\"wpforms-field-label-inline\" for=\"wpforms-5472-field_5_4\">Climatiseur mural<\/label><\/li><li class=\"choice-5 depth-1\"><input type=\"radio\" id=\"wpforms-5472-field_5_5\" name=\"wpforms[fields][5]\" value=\"Autre\" aria-errormessage=\"wpforms-5472-field_5_5-error\" required ><label class=\"wpforms-field-label-inline\" for=\"wpforms-5472-field_5_5\">Autre<\/label><\/li><\/ul><\/fieldset><\/div>\t\t<div id=\"wpforms-5472-field_2-container\"\n\t\t\tclass=\"wpforms-field wpforms-field-text\"\n\t\t\tdata-field-type=\"text\"\n\t\t\tdata-field-id=\"2\"\n\t\t\t>\n\t\t\t<label class=\"wpforms-field-label\" for=\"wpforms-5472-field_2\" >et pour ou<\/label>\n\t\t\t<input type=\"text\" id=\"wpforms-5472-field_2\" class=\"wpforms-field-medium\" name=\"wpforms[fields][2]\" >\n\t\t<\/div>\n\t\t<div id=\"wpforms-5472-field_6-container\" class=\"wpforms-field wpforms-field-select wpforms-field-select-style-classic\" data-field-id=\"6\"><label class=\"wpforms-field-label\" for=\"wpforms-5472-field_6\">Marque du syst\u00e8me <span class=\"wpforms-required-label\" aria-hidden=\"true\">*<\/span><\/label><select id=\"wpforms-5472-field_6\" class=\"wpforms-field-medium wpforms-field-required\" name=\"wpforms[fields][6]\" required=\"required\"><option value=\"Option 1\"  class=\"choice-1 depth-1\"  >Option 1<\/option><option value=\"Autre\"  class=\"choice-2 depth-1\"  >Autre<\/option><\/select><\/div><div id=\"wpforms-5472-field_7-container\" class=\"wpforms-field wpforms-field-text\" data-field-id=\"7\"><label class=\"wpforms-field-label\" for=\"wpforms-5472-field_7\">\u00c2ge approximatif du syst\u00e8me <span class=\"wpforms-required-label\" aria-hidden=\"true\">*<\/span><\/label><input type=\"text\" id=\"wpforms-5472-field_7\" class=\"wpforms-field-medium wpforms-field-required\" name=\"wpforms[fields][7]\" aria-errormessage=\"wpforms-5472-field_7-error\" required><\/div><div id=\"wpforms-5472-field_8-container\" class=\"wpforms-field wpforms-field-text\" data-field-id=\"8\"><label class=\"wpforms-field-label\" for=\"wpforms-5472-field_8\">Dernier entretien effectu\u00e9 (mois\/ann\u00e9e) <span class=\"wpforms-required-label\" aria-hidden=\"true\">*<\/span><\/label><input type=\"text\" id=\"wpforms-5472-field_8\" class=\"wpforms-field-medium wpforms-field-required\" name=\"wpforms[fields][8]\" aria-errormessage=\"wpforms-5472-field_8-error\" required><\/div><div id=\"wpforms-5472-field_9-container\" class=\"wpforms-field wpforms-field-checkbox\" data-field-id=\"9\"><fieldset><legend class=\"wpforms-field-label\">Disponibilit\u00e9s pour la visite <span class=\"wpforms-required-label\" aria-hidden=\"true\">*<\/span><\/legend><ul id=\"wpforms-5472-field_9\" class=\"wpforms-field-required\"><li class=\"choice-1 depth-1\"><input type=\"checkbox\" id=\"wpforms-5472-field_9_1\" name=\"wpforms[fields][9][]\" value=\"AM\" aria-errormessage=\"wpforms-5472-field_9_1-error\" required ><label class=\"wpforms-field-label-inline\" for=\"wpforms-5472-field_9_1\">AM<\/label><\/li><li class=\"choice-2 depth-1\"><input type=\"checkbox\" id=\"wpforms-5472-field_9_2\" name=\"wpforms[fields][9][]\" value=\"PM\" aria-errormessage=\"wpforms-5472-field_9_2-error\" required ><label class=\"wpforms-field-label-inline\" for=\"wpforms-5472-field_9_2\">PM<\/label><\/li><li class=\"choice-3 depth-1\"><input type=\"checkbox\" id=\"wpforms-5472-field_9_3\" name=\"wpforms[fields][9][]\" value=\"Soir\" aria-errormessage=\"wpforms-5472-field_9_3-error\" required ><label class=\"wpforms-field-label-inline\" for=\"wpforms-5472-field_9_3\">Soir<\/label><\/li><li class=\"choice-4 depth-1\"><input type=\"checkbox\" id=\"wpforms-5472-field_9_4\" name=\"wpforms[fields][9][]\" value=\"Week-end\" aria-errormessage=\"wpforms-5472-field_9_4-error\" required ><label class=\"wpforms-field-label-inline\" for=\"wpforms-5472-field_9_4\">Week-end<\/label><\/li><\/ul><\/fieldset><\/div><div id=\"wpforms-5472-field_10-container\" class=\"wpforms-field wpforms-field-textarea\" data-field-id=\"10\"><label class=\"wpforms-field-label\" for=\"wpforms-5472-field_10\">Commentaires ou d\u00e9tails suppl\u00e9mentaires<\/label><textarea id=\"wpforms-5472-field_10\" class=\"wpforms-field-medium\" name=\"wpforms[fields][10]\" aria-errormessage=\"wpforms-5472-field_10-error\" ><\/textarea><\/div><div id=\"wpforms-5472-field_11-container\" class=\"wpforms-field wpforms-field-checkbox\" data-field-id=\"11\"><fieldset><legend class=\"wpforms-field-label\">J&#039;accepte les politiques de confidentialit\u00e9 <span class=\"wpforms-required-label\" aria-hidden=\"true\">*<\/span><\/legend><ul id=\"wpforms-5472-field_11\" class=\"wpforms-field-required\"><li class=\"choice-1 depth-1\"><input type=\"checkbox\" id=\"wpforms-5472-field_11_1\" name=\"wpforms[fields][11][]\" value=\"J&#039;accepte\" aria-errormessage=\"wpforms-5472-field_11_1-error\" required ><label class=\"wpforms-field-label-inline\" for=\"wpforms-5472-field_11_1\">J'accepte<\/label><\/li><\/ul><\/fieldset><\/div><script>\n\t\t\t\t( function() {\n\t\t\t\t\tconst style = document.createElement( 'style' );\n\t\t\t\t\tstyle.appendChild( document.createTextNode( '#wpforms-5472-field_2-container { position: absolute !important; overflow: hidden !important; display: inline !important; height: 1px !important; width: 1px !important; z-index: -1000 !important; padding: 0 !important; } #wpforms-5472-field_2-container input { visibility: hidden; } #wpforms-conversational-form-page #wpforms-5472-field_2-container label { counter-increment: none; }' ) );\n\t\t\t\t\tdocument.head.appendChild( style );\n\t\t\t\t\tdocument.currentScript?.remove();\n\t\t\t\t} )();\n\t\t\t<\/script><\/div><!-- .wpforms-field-container --><div class=\"wpforms-submit-container\" ><input type=\"hidden\" name=\"wpforms[id]\" value=\"5472\"><input type=\"hidden\" name=\"page_title\" value=\"\"><input type=\"hidden\" name=\"page_url\" value=\"https:\/\/climatisationbjp.com\/en\/wp-json\/wp\/v2\/pages\/5437\"><input type=\"hidden\" name=\"url_referer\" value=\"\"><button type=\"submit\" name=\"wpforms[submit]\" id=\"wpforms-submit-5472\" class=\"wpforms-submit\" data-alt-text=\"Envoi...\" data-submit-text=\"Planifier mon entretien\" aria-live=\"assertive\" value=\"wpforms-submit\">Planifier mon entretien<\/button><img loading=\"lazy\" decoding=\"async\" src=\"https:\/\/climatisationbjp.com\/wp-content\/plugins\/wpforms-lite\/assets\/images\/submit-spin.svg\" class=\"wpforms-submit-spinner\" style=\"display: none;\" width=\"26\" height=\"26\" alt=\"Loading\"><\/div><\/form><\/div>  <!-- .wpforms-container -->\t\t\t\t<\/div>\n\t\t\t\t<\/div>\n\t\t\t\t\t<\/div>\n\t\t\t\t<\/div>\n\t\t\t\t<\/div>\n\t\t\n    <div class=\"xs_social_share_widget xs_share_url after_content \t\tmain_content  wslu-style-1 wslu-share-box-shaped wslu-fill-colored wslu-none wslu-share-horizontal wslu-theme-font-no wslu-main_content\">\n\n\t\t\n        <ul>\n\t\t\t        <\/ul>\n    <\/div> \n","protected":false},"excerpt":{"rendered":"<p>Nettoyage Obtenez une soumission rapide et personnalis\u00e9e Obtenez une soumission rapide et personnalis\u00e9eVous souhaitez faire installer, remplacer ou entretenir un syst\u00e8me de climatisation ou une thermopompe? Remplissez ce formulaire en moins de 2 minutes et notre \u00e9quipe vous contactera rapidement avec une estimation claire, adapt\u00e9e \u00e0 vos besoins.Nous desservons les r\u00e9gions de Montr\u00e9al, Laval, Rive-Nord&#8230;<\/p>","protected":false},"author":1,"featured_media":0,"parent":0,"menu_order":0,"comment_status":"closed","ping_status":"closed","template":"elementor_header_footer","meta":{"postBodyCss":"","postBodyMargin":[],"postBodyPadding":[],"postBodyBackground":{"backgroundType":"classic","gradient":""},"footnotes":""},"class_list":["post-5437","page","type-page","status-publish","hentry"],"_links":{"self":[{"href":"https:\/\/climatisationbjp.com\/en\/wp-json\/wp\/v2\/pages\/5437","targetHints":{"allow":["GET"]}}],"collection":[{"href":"https:\/\/climatisationbjp.com\/en\/wp-json\/wp\/v2\/pages"}],"about":[{"href":"https:\/\/climatisationbjp.com\/en\/wp-json\/wp\/v2\/types\/page"}],"author":[{"embeddable":true,"href":"https:\/\/climatisationbjp.com\/en\/wp-json\/wp\/v2\/users\/1"}],"replies":[{"embeddable":true,"href":"https:\/\/climatisationbjp.com\/en\/wp-json\/wp\/v2\/comments?post=5437"}],"version-history":[{"count":10,"href":"https:\/\/climatisationbjp.com\/en\/wp-json\/wp\/v2\/pages\/5437\/revisions"}],"predecessor-version":[{"id":5560,"href":"https:\/\/climatisationbjp.com\/en\/wp-json\/wp\/v2\/pages\/5437\/revisions\/5560"}],"wp:attachment":[{"href":"https:\/\/climatisationbjp.com\/en\/wp-json\/wp\/v2\/media?parent=5437"}],"curies":[{"name":"wp","href":"https:\/\/api.w.org\/{rel}","templated":true}]}}